{"id":20,"date":"2019-07-03T04:02:25","date_gmt":"2019-07-03T04:02:25","guid":{"rendered":"http:\/\/lvengroup.com\/?page_id=20"},"modified":"2019-07-06T01:53:53","modified_gmt":"2019-07-06T01:53:53","slug":"productos","status":"publish","type":"page","link":"https:\/\/www.lvengroup.com\/index.php\/productos\/","title":{"rendered":"Servicios"},"content":{"rendered":"\n<figure class=\"wp-block-image\"><img loading=\"lazy\" decoding=\"async\" width=\"948\" height=\"117\" src=\"https:\/\/lvengroup.com\/wp-content\/uploads\/2019\/07\/lv-asesores-3.png\" alt=\"\" class=\"wp-image-50\" srcset=\"https:\/\/www.lvengroup.com\/wp-content\/uploads\/2019\/07\/lv-asesores-3.png 948w, https:\/\/www.lvengroup.com\/wp-content\/uploads\/2019\/07\/lv-asesores-3-300x37.png 300w, https:\/\/www.lvengroup.com\/wp-content\/uploads\/2019\/07\/lv-asesores-3-768x95.png 768w\" sizes=\"(max-width: 948px) 100vw, 948px\" \/><\/figure>\n\n\n\n<p style=\"text-align:center\">INSTALACI\u00d3N Y MEDICI\u00d3N DE VARIABLES DE MONITOREO ESTRUCTURAL&nbsp;<\/p>\n\n\n\n<figure class=\"wp-block-image\"><img loading=\"lazy\" decoding=\"async\" width=\"1024\" height=\"714\" src=\"https:\/\/www.lvengroup.com\/wp-content\/uploads\/2019\/07\/DSC_0058-1024x714.jpg\" alt=\"\" class=\"wp-image-106\" srcset=\"https:\/\/www.lvengroup.com\/wp-content\/uploads\/2019\/07\/DSC_0058-1024x714.jpg 1024w, https:\/\/www.lvengroup.com\/wp-content\/uploads\/2019\/07\/DSC_0058-300x209.jpg 300w, https:\/\/www.lvengroup.com\/wp-content\/uploads\/2019\/07\/DSC_0058-768x536.jpg 768w, https:\/\/www.lvengroup.com\/wp-content\/uploads\/2019\/07\/DSC_0058.jpg 1984w\" sizes=\"(max-width: 1024px) 100vw, 1024px\" \/><figcaption>Instalaci\u00f3n y medici\u00f3n de esfuerzos en una probeta &#8211; Proyecto : CALIMA T 90<br>CIAC &#8211; Corporaci\u00f3n Industrial Aeron\u00e1utica de Colombia<br>Bogot\u00e1 &#8211; Colombia<\/figcaption><\/figure>\n\n\n\n<p>Mediciones de esfuerzos con equipos de National Instruments, NI 9236.<\/p>\n\n\n\n<figure class=\"wp-block-image\"><img loading=\"lazy\" decoding=\"async\" width=\"1024\" height=\"516\" src=\"https:\/\/www.lvengroup.com\/wp-content\/uploads\/2019\/07\/IMG_20170926_152255-1024x516.jpg\" alt=\"\" class=\"wp-image-107\" srcset=\"https:\/\/www.lvengroup.com\/wp-content\/uploads\/2019\/07\/IMG_20170926_152255-1024x516.jpg 1024w, https:\/\/www.lvengroup.com\/wp-content\/uploads\/2019\/07\/IMG_20170926_152255-300x151.jpg 300w, https:\/\/www.lvengroup.com\/wp-content\/uploads\/2019\/07\/IMG_20170926_152255-768x387.jpg 768w\" sizes=\"(max-width: 1024px) 100vw, 1024px\" \/><figcaption>Instalaci\u00f3n y medici\u00f3n de esfuerzos en atracciones mec\u00e1nicas, cableado e inalambrico.<br>Mundo Aventura<br>Bogot\u00e1 &#8211; Colombia<\/figcaption><\/figure>\n\n\n\n<figure class=\"wp-block-image\"><img loading=\"lazy\" decoding=\"async\" width=\"1024\" height=\"637\" src=\"https:\/\/www.lvengroup.com\/wp-content\/uploads\/2019\/07\/IMG_20171004_134734-1024x637.jpg\" alt=\"\" class=\"wp-image-108\" srcset=\"https:\/\/www.lvengroup.com\/wp-content\/uploads\/2019\/07\/IMG_20171004_134734-1024x637.jpg 1024w, https:\/\/www.lvengroup.com\/wp-content\/uploads\/2019\/07\/IMG_20171004_134734-300x187.jpg 300w, https:\/\/www.lvengroup.com\/wp-content\/uploads\/2019\/07\/IMG_20171004_134734-768x477.jpg 768w, https:\/\/www.lvengroup.com\/wp-content\/uploads\/2019\/07\/IMG_20171004_134734.jpg 1840w\" sizes=\"(max-width: 1024px) 100vw, 1024px\" \/><figcaption>Instalaci\u00f3n y medici\u00f3n de&nbsp;aceleraci\u00f3n en atracciones mec\u00e1nicas, cableado e inal\u00e1mbrico. Mundo Aventura Bogot\u00e1 &#8211; Colombia<\/figcaption><\/figure>\n\n\n\n<p style=\"text-align:center\">DISE\u00d1O Y CONSTRUCCION DE BANCOS DE PRUEBAS PARA EL SECTOR AERON\u00c1UTICO<\/p>\n\n\n\n<figure class=\"wp-block-image\"><img loading=\"lazy\" decoding=\"async\" width=\"1024\" height=\"620\" src=\"https:\/\/www.lvengroup.com\/wp-content\/uploads\/2019\/07\/IMG_20170117_134907-1024x620.jpg\" alt=\"\" class=\"wp-image-111\" srcset=\"https:\/\/www.lvengroup.com\/wp-content\/uploads\/2019\/07\/IMG_20170117_134907-1024x620.jpg 1024w, https:\/\/www.lvengroup.com\/wp-content\/uploads\/2019\/07\/IMG_20170117_134907-300x182.jpg 300w, https:\/\/www.lvengroup.com\/wp-content\/uploads\/2019\/07\/IMG_20170117_134907-768x465.jpg 768w\" sizes=\"(max-width: 1024px) 100vw, 1024px\" \/><figcaption>Dise\u00f1o y software de equipos de medici\u00f3n multivariable<br>Fuerza A\u00e9rea Colombiana<br>Madrid &#8211; Cundinamarca<br>Colombia<\/figcaption><\/figure>\n\n\n\n<p style=\"text-align:center\">Personal experto en construcci\u00f3n de bancos digitales de mediciones para el sector aeron\u00e1utico.<\/p>\n\n\n\n<p><\/p>\n","protected":false},"excerpt":{"rendered":"<p>INSTALACI\u00d3N Y MEDICI\u00d3N DE VARIABLES DE MONITOREO ESTRUCTURAL&nbsp; Mediciones de esfuerzos con equipos de National Instruments, NI 9236. DISE\u00d1O Y CONSTRUCCION DE BANCOS DE PRUEBAS PARA EL SECTOR AERON\u00c1UTICO Personal experto en construcci\u00f3n de bancos digitales de mediciones para el sector aeron\u00e1utico.<\/p>\n","protected":false},"author":1,"featured_media":0,"parent":0,"menu_order":0,"comment_status":"closed","ping_status":"closed","template":"","meta":{"footnotes":""},"_links":{"self":[{"href":"https:\/\/www.lvengroup.com\/index.php\/wp-json\/wp\/v2\/pages\/20"}],"collection":[{"href":"https:\/\/www.lvengroup.com\/index.php\/wp-json\/wp\/v2\/pages"}],"about":[{"href":"https:\/\/www.lvengroup.com\/index.php\/wp-json\/wp\/v2\/types\/page"}],"author":[{"embeddable":true,"href":"https:\/\/www.lvengroup.com\/index.php\/wp-json\/wp\/v2\/users\/1"}],"replies":[{"embeddable":true,"href":"https:\/\/www.lvengroup.com\/index.php\/wp-json\/wp\/v2\/comments?post=20"}],"version-history":[{"count":7,"href":"https:\/\/www.lvengroup.com\/index.php\/wp-json\/wp\/v2\/pages\/20\/revisions"}],"predecessor-version":[{"id":121,"href":"https:\/\/www.lvengroup.com\/index.php\/wp-json\/wp\/v2\/pages\/20\/revisions\/121"}],"wp:attachment":[{"href":"https:\/\/www.lvengroup.com\/index.php\/wp-json\/wp\/v2\/media?parent=20"}],"curies":[{"name":"wp","href":"https:\/\/api.w.org\/{rel}","templated":true}]}}