{"id":16,"date":"2019-07-03T03:58:06","date_gmt":"2019-07-03T03:58:06","guid":{"rendered":"http:\/\/lvengroup.com\/?page_id=16"},"modified":"2019-07-07T15:48:35","modified_gmt":"2019-07-07T15:48:35","slug":"principal","status":"publish","type":"page","link":"https:\/\/www.lvengroup.com\/","title":{"rendered":"Principal"},"content":{"rendered":"\n<div class=\"wp-block-image\"><figure class=\"aligncenter\"><img loading=\"lazy\" decoding=\"async\" width=\"948\" height=\"117\" src=\"http:\/\/www.lvengroup.com\/wp-content\/uploads\/2019\/07\/lv-asesores-4.png\" alt=\"www.lvengroup.com\" class=\"wp-image-93\" srcset=\"https:\/\/www.lvengroup.com\/wp-content\/uploads\/2019\/07\/lv-asesores-4.png 948w, https:\/\/www.lvengroup.com\/wp-content\/uploads\/2019\/07\/lv-asesores-4-300x37.png 300w, https:\/\/www.lvengroup.com\/wp-content\/uploads\/2019\/07\/lv-asesores-4-768x95.png 768w\" sizes=\"(max-width: 948px) 100vw, 948px\" \/><\/figure><\/div>\n\n\n\n<p style=\"color:#0c3655;text-align:right\" class=\"has-text-color has-huge-font-size\"><strong>LV ASESORES SAS<\/strong><\/p>\n\n\n\n<p style=\"color:#03243f;font-size:30px;text-align:center\" class=\"has-text-color\">Somos una empresa dedicada a la construcci\u00f3n de bancos digitales, medici\u00f3n de variables f\u00edsicas y programaci\u00f3n gr\u00e1fica para automatizar procesos de mantenimiento.<\/p>\n\n\n\n<div class=\"wp-block-image\"><figure class=\"aligncenter\"><img loading=\"lazy\" decoding=\"async\" width=\"867\" height=\"422\" src=\"https:\/\/www.lvengroup.com\/wp-content\/uploads\/2019\/07\/2.jpg\" alt=\"\" class=\"wp-image-98\" srcset=\"https:\/\/www.lvengroup.com\/wp-content\/uploads\/2019\/07\/2.jpg 867w, https:\/\/www.lvengroup.com\/wp-content\/uploads\/2019\/07\/2-300x146.jpg 300w, https:\/\/www.lvengroup.com\/wp-content\/uploads\/2019\/07\/2-768x374.jpg 768w\" sizes=\"(max-width: 867px) 100vw, 867px\" \/><figcaption>Bancos de Pruebas Estructurales T-90<br>Fuerza A\u00e9rea Colombiana<br>Madrid &#8211; CUN<br>Colombia<\/figcaption><\/figure><\/div>\n\n\n\n<p style=\"color:#030128;text-align:center\" class=\"has-text-color has-medium-font-size\">LV Asesores S.A.S. cuenta con un grupo de ingenieros capacitados para dar soluciones tecnol\u00f3gicas, desarrollando software y equipos a su medida.<\/p>\n\n\n\n<div class=\"wp-block-image\"><figure class=\"aligncenter\"><img loading=\"lazy\" decoding=\"async\" width=\"1024\" height=\"581\" src=\"https:\/\/www.lvengroup.com\/wp-content\/uploads\/2019\/07\/DSC_0003-1024x581.jpg\" alt=\"\" class=\"wp-image-100\" srcset=\"https:\/\/www.lvengroup.com\/wp-content\/uploads\/2019\/07\/DSC_0003-1024x581.jpg 1024w, https:\/\/www.lvengroup.com\/wp-content\/uploads\/2019\/07\/DSC_0003-300x170.jpg 300w, https:\/\/www.lvengroup.com\/wp-content\/uploads\/2019\/07\/DSC_0003-768x436.jpg 768w\" sizes=\"(max-width: 1024px) 100vw, 1024px\" \/><figcaption>Programas para medici\u00f3n en vuelo T-90 Calima, Protocolos ARINC 428<br>Fuerza A\u00e9rea Colombiana <br>Madrid &#8211; Cundinamarca<br>Colombia<\/figcaption><\/figure><\/div>\n\n\n\n<p style=\"color:#09174c;text-align:center\" class=\"has-text-color has-medium-font-size\">Innovamos en soluciones tecnol\u00f3gicas. <\/p>\n\n\n\n<div class=\"wp-block-image\"><figure class=\"aligncenter\"><img loading=\"lazy\" decoding=\"async\" width=\"681\" height=\"1024\" src=\"http:\/\/www.lvengroup.com\/wp-content\/uploads\/2019\/07\/IMG_20170321_152007-681x1024.jpg\" alt=\"\" class=\"wp-image-102\" srcset=\"https:\/\/www.lvengroup.com\/wp-content\/uploads\/2019\/07\/IMG_20170321_152007-681x1024.jpg 681w, https:\/\/www.lvengroup.com\/wp-content\/uploads\/2019\/07\/IMG_20170321_152007-200x300.jpg 200w, https:\/\/www.lvengroup.com\/wp-content\/uploads\/2019\/07\/IMG_20170321_152007-768x1155.jpg 768w, https:\/\/www.lvengroup.com\/wp-content\/uploads\/2019\/07\/IMG_20170321_152007.jpg 1128w\" sizes=\"(max-width: 681px) 100vw, 681px\" \/><figcaption>Medici\u00f3n de deformaci\u00f3n de materiales<br>Instalaci\u00f3n galgas extensi\u00f3metricas<br>Fuerza A\u00e9rea Colombiana<br>Madrid &#8211; Cundinamarca<\/figcaption><\/figure><\/div>\n\n\n\n<p><\/p>\n","protected":false},"excerpt":{"rendered":"<p>LV ASESORES SAS Somos una empresa dedicada a la construcci\u00f3n de bancos digitales, medici\u00f3n de variables f\u00edsicas y programaci\u00f3n gr\u00e1fica para automatizar procesos de mantenimiento. LV Asesores S.A.S. cuenta con un grupo de ingenieros capacitados para dar soluciones tecnol\u00f3gicas, desarrollando software y equipos a su medida. Innovamos en soluciones tecnol\u00f3gicas.<\/p>\n","protected":false},"author":1,"featured_media":0,"parent":0,"menu_order":0,"comment_status":"closed","ping_status":"closed","template":"","meta":{"footnotes":""},"_links":{"self":[{"href":"https:\/\/www.lvengroup.com\/index.php\/wp-json\/wp\/v2\/pages\/16"}],"collection":[{"href":"https:\/\/www.lvengroup.com\/index.php\/wp-json\/wp\/v2\/pages"}],"about":[{"href":"https:\/\/www.lvengroup.com\/index.php\/wp-json\/wp\/v2\/types\/page"}],"author":[{"embeddable":true,"href":"https:\/\/www.lvengroup.com\/index.php\/wp-json\/wp\/v2\/users\/1"}],"replies":[{"embeddable":true,"href":"https:\/\/www.lvengroup.com\/index.php\/wp-json\/wp\/v2\/comments?post=16"}],"version-history":[{"count":24,"href":"https:\/\/www.lvengroup.com\/index.php\/wp-json\/wp\/v2\/pages\/16\/revisions"}],"predecessor-version":[{"id":141,"href":"https:\/\/www.lvengroup.com\/index.php\/wp-json\/wp\/v2\/pages\/16\/revisions\/141"}],"wp:attachment":[{"href":"https:\/\/www.lvengroup.com\/index.php\/wp-json\/wp\/v2\/media?parent=16"}],"curies":[{"name":"wp","href":"https:\/\/api.w.org\/{rel}","templated":true}]}}