{"id":147,"date":"2019-07-07T18:50:59","date_gmt":"2019-07-07T18:50:59","guid":{"rendered":"http:\/\/www.lvengroup.com\/?page_id=147"},"modified":"2019-07-07T18:50:59","modified_gmt":"2019-07-07T18:50:59","slug":"quienes-somos","status":"publish","type":"page","link":"https:\/\/www.lvengroup.com\/index.php\/quienes-somos\/","title":{"rendered":"quienes somos"},"content":{"rendered":"\n<div class=\"wp-block-image\"><figure class=\"aligncenter\"><img loading=\"lazy\" decoding=\"async\" width=\"348\" height=\"215\" src=\"https:\/\/www.lvengroup.com\/wp-content\/uploads\/2019\/07\/fotos.png\" alt=\"\" class=\"wp-image-148\" srcset=\"https:\/\/www.lvengroup.com\/wp-content\/uploads\/2019\/07\/fotos.png 348w, https:\/\/www.lvengroup.com\/wp-content\/uploads\/2019\/07\/fotos-300x185.png 300w\" sizes=\"(max-width: 348px) 100vw, 348px\" \/><\/figure><\/div>\n\n\n\n<p>Somos una empresa formada en el a\u00f1o 2012, en Manizales &#8211; Caldas, que se cre\u00f3 para desarrollar software para bancos de pruebas en el sector aeron\u00e1utico, bajo plataforma LabVIEW. Al paso del tiempo se ha incrementado las capacidades de nuestra empresa, al desarrollar mediciones de extensiomentria para empresas como CIAC y T\u00fcv rheinland &#8211; Colombia, y realizado trabajos de programaci\u00f3n en automatizaci\u00f3n para empresas como ECOPETROL, Instrumentos y Controles, de igual forma hemos licitado para Fuerza A\u00e9rea Colombiana y el Ej\u00e9rcito Nacional de Colombia.<\/p>\n","protected":false},"excerpt":{"rendered":"<p>Somos una empresa formada en el a\u00f1o 2012, en Manizales &#8211; Caldas, que se cre\u00f3 para desarrollar software para bancos de pruebas en el sector aeron\u00e1utico, bajo plataforma LabVIEW. Al paso del tiempo se ha incrementado las capacidades de nuestra empresa, al desarrollar mediciones de extensiomentria para empresas como CIAC y T\u00fcv rheinland &#8211; Colombia, [&hellip;]<\/p>\n","protected":false},"author":1,"featured_media":0,"parent":0,"menu_order":0,"comment_status":"closed","ping_status":"closed","template":"","meta":{"footnotes":""},"_links":{"self":[{"href":"https:\/\/www.lvengroup.com\/index.php\/wp-json\/wp\/v2\/pages\/147"}],"collection":[{"href":"https:\/\/www.lvengroup.com\/index.php\/wp-json\/wp\/v2\/pages"}],"about":[{"href":"https:\/\/www.lvengroup.com\/index.php\/wp-json\/wp\/v2\/types\/page"}],"author":[{"embeddable":true,"href":"https:\/\/www.lvengroup.com\/index.php\/wp-json\/wp\/v2\/users\/1"}],"replies":[{"embeddable":true,"href":"https:\/\/www.lvengroup.com\/index.php\/wp-json\/wp\/v2\/comments?post=147"}],"version-history":[{"count":1,"href":"https:\/\/www.lvengroup.com\/index.php\/wp-json\/wp\/v2\/pages\/147\/revisions"}],"predecessor-version":[{"id":150,"href":"https:\/\/www.lvengroup.com\/index.php\/wp-json\/wp\/v2\/pages\/147\/revisions\/150"}],"wp:attachment":[{"href":"https:\/\/www.lvengroup.com\/index.php\/wp-json\/wp\/v2\/media?parent=147"}],"curies":[{"name":"wp","href":"https:\/\/api.w.org\/{rel}","templated":true}]}}